
{"id":26519,"date":"2022-01-10T10:34:46","date_gmt":"2022-01-10T09:34:46","guid":{"rendered":"http:\/\/www.quid-plus.com\/?page_id=26519"},"modified":"2022-01-10T10:34:46","modified_gmt":"2022-01-10T09:34:46","slug":"productos","status":"publish","type":"page","link":"https:\/\/www.quid-plus.com\/es\/productos\/","title":{"rendered":"Productos"},"content":{"rendered":"<section class=\"l-section wpb_row height_small\" id=\"section-prodotti\"><div class=\"l-section-h i-cf\"><div class=\"g-cols vc_row via_grid cols_1 laptops-cols_inherit tablets-cols_inherit mobiles-cols_1 valign_top type_default stacking_default\"><div class=\"wpb_column vc_column_container\"><div class=\"vc_column-inner\"><div class=\"wpb_text_column us_custom_c68f19db has_text_color\"><div class=\"wpb_wrapper\"><h1>PRODUCTOS<\/h1>\n<\/div><\/div><div class=\"wpb_text_column us_custom_685520e6\"><div class=\"wpb_wrapper\"><p>QUID+ ofrece a ni\u00f1os y padres <strong><span style=\"color: #da0507;\">herramientas pr\u00e1cticas,<\/span><\/strong> f\u00e1cilmente utilizables en la vida cotidiana, con las que pueden compartir juntos muchos momentos de crecimiento. Cada producto contiene una <strong><span style=\"color: #da0507;\">parte para los ni\u00f1os,<\/span><\/strong> dedicada a que aprendan mientras se divierten y otra <strong><span style=\"color: #da0507;\">parte para los adultos,<\/span><\/strong> que ofrece una explicaci\u00f3n clara de las metodolog\u00edas utilizadas y muchos consejos \u00fatiles.<\/p>\n<\/div><\/div><div class=\"w-separator size_small\"><\/div><div class=\"w-grid type_grid layout_245 cols_3 with_pagination\" id=\"us_grid_1\" style=\"--gap:1rem;\" data-filterable=\"true\"><style>@media (max-width:600px){#us_grid_1 .w-grid-item{width:50%}}.layout_245 .w-grid-item-h{}.layout_245 .usg_post_image_1{transition-duration:0.3s;transform-origin:50% 50%;transform:scale(1) translate(0%,0%)}.layout_245 .w-grid-item-h:hover .usg_post_image_1{transform:scale(1.05) translate(0%,0%);opacity:1}.layout_245 .usg_post_image_1{position:relative!important;z-index:0!important}.layout_245 .usg_post_title_1{color:var(--color-content-primary)!important;font-weight:500!important;text-transform:uppercase!important;font-size:17px!important;position:relative!important;z-index:1!important}.layout_245 .usg_post_taxonomy_1{font-weight:400!important;font-size:12px!important}@media (min-width:1025px) and (max-width:1280px){.layout_245 .usg_post_image_1{position:relative!important;z-index:0!important}.layout_245 .usg_post_title_1{color:var(--color-content-primary)!important;font-weight:500!important;text-transform:uppercase!important;font-size:17px!important;position:relative!important;z-index:1!important}.layout_245 .usg_post_taxonomy_1{font-weight:400!important;font-size:12px!important}}@media (min-width:601px) and (max-width:1024px){.layout_245 .usg_post_image_1{position:relative!important;z-index:0!important}.layout_245 .usg_post_title_1{color:var(--color-content-primary)!important;font-weight:500!important;text-transform:uppercase!important;font-size:17px!important;position:relative!important;z-index:1!important}.layout_245 .usg_post_taxonomy_1{font-weight:400!important;font-size:12px!important}}@media (max-width:600px){.layout_245 .usg_post_image_1{position:relative!important;z-index:0!important}.layout_245 .usg_post_title_1{color:var(--color-content-primary)!important;font-weight:500!important;text-transform:uppercase!important;font-size:17px!important;position:relative!important;z-index:1!important}.layout_245 .usg_post_taxonomy_1{font-weight:400!important;font-size:12px!important}}<\/style><div class=\"w-grid-list\">\t<article class=\"w-grid-item size_1x1 post-26568 prodotto type-prodotto status-publish has-post-thumbnail hentry category-yo-y-los-demas eta-2-anos eta-3-anos eta-4-anos eta-5-anos eta-6-anos maestro-reuven-feuerstein-es tipologia-coleccion-de-cuentos\" data-id=\"26568\">\r\n\t\t<div class=\"w-grid-item-h\">\r\n\t\t\t\t\t\t<div class=\"w-post-elm post_image usg_post_image_1 stretched\"><a href=\"https:\/\/www.quid-plus.com\/es\/prodotto\/el-lenguaje-de-las-emociones\/\" aria-label=\"El lenguaje de las emociones\"><img loading=\"lazy\" decoding=\"async\" width=\"232\" height=\"232\" src=\"https:\/\/www.quid-plus.com\/wp-content\/uploads\/2019\/09\/quid_illinguaggio_es-b96ad96d-232x232.png\" class=\"attachment-us_232_232 size-us_232_232 wp-post-image\" alt=\"\" srcset=\"https:\/\/www.quid-plus.com\/wp-content\/uploads\/2019\/09\/quid_illinguaggio_es-b96ad96d-232x232.png 232w, https:\/\/www.quid-plus.com\/wp-content\/uploads\/2019\/09\/quid_illinguaggio_es-b96ad96d-300x300.png 300w, https:\/\/www.quid-plus.com\/wp-content\/uploads\/2019\/09\/quid_illinguaggio_es-b96ad96d-150x150.png 150w, https:\/\/www.quid-plus.com\/wp-content\/uploads\/2019\/09\/quid_illinguaggio_es-b96ad96d-70x70.png 70w, https:\/\/www.quid-plus.com\/wp-content\/uploads\/2019\/09\/quid_illinguaggio_es-b96ad96d-400x400.png 400w, https:\/\/www.quid-plus.com\/wp-content\/uploads\/2019\/09\/quid_illinguaggio_es-b96ad96d.png 800w\" sizes=\"(max-width: 232px) 100vw, 232px\" \/><\/a><\/div><div class=\"w-post-elm post_taxonomy usg_post_taxonomy_1 style_simple color_link_inherit\"><span class=\"term-319 term-coleccion-de-cuentos\">Colecci\u00f3n de Cuentos<\/span><\/div><h2 class=\"w-post-elm post_title usg_post_title_1 has_text_color align_left entry-title color_link_inherit\"><a href=\"https:\/\/www.quid-plus.com\/es\/prodotto\/el-lenguaje-de-las-emociones\/\">El lenguaje de las emociones<\/a><\/h2>\t\t<\/div>\r\n\t<\/article>\r\n\t<article class=\"w-grid-item size_1x1 post-26591 prodotto type-prodotto status-publish has-post-thumbnail hentry category-hablo eta-2-anos eta-3-anos eta-4-anos eta-5-anos eta-6-anos maestro-glenn-doman-es esperto-nicola-tomba-es tipologia-juego-educativo\" data-id=\"26591\">\r\n\t\t<div class=\"w-grid-item-h\">\r\n\t\t\t\t\t\t<div class=\"w-post-elm post_image usg_post_image_1 stretched\"><a href=\"https:\/\/www.quid-plus.com\/es\/prodotto\/palabras-para-leer\/\" aria-label=\"Palabras para leer\"><img loading=\"lazy\" decoding=\"async\" width=\"232\" height=\"232\" src=\"https:\/\/www.quid-plus.com\/wp-content\/uploads\/2019\/04\/quid_parablas_para_leer-faa3821d-232x232.png\" class=\"attachment-us_232_232 size-us_232_232 wp-post-image\" alt=\"\" srcset=\"https:\/\/www.quid-plus.com\/wp-content\/uploads\/2019\/04\/quid_parablas_para_leer-faa3821d-232x232.png 232w, https:\/\/www.quid-plus.com\/wp-content\/uploads\/2019\/04\/quid_parablas_para_leer-faa3821d-300x300.png 300w, https:\/\/www.quid-plus.com\/wp-content\/uploads\/2019\/04\/quid_parablas_para_leer-faa3821d-150x150.png 150w, https:\/\/www.quid-plus.com\/wp-content\/uploads\/2019\/04\/quid_parablas_para_leer-faa3821d-70x70.png 70w, https:\/\/www.quid-plus.com\/wp-content\/uploads\/2019\/04\/quid_parablas_para_leer-faa3821d-400x400.png 400w, https:\/\/www.quid-plus.com\/wp-content\/uploads\/2019\/04\/quid_parablas_para_leer-faa3821d.png 800w\" sizes=\"(max-width: 232px) 100vw, 232px\" \/><\/a><\/div><div class=\"w-post-elm post_taxonomy usg_post_taxonomy_1 style_simple color_link_inherit\"><span class=\"term-320 term-juego-educativo\">Juego Educativo<\/span><\/div><h2 class=\"w-post-elm post_title usg_post_title_1 has_text_color align_left entry-title color_link_inherit\"><a href=\"https:\/\/www.quid-plus.com\/es\/prodotto\/palabras-para-leer\/\">Palabras para leer<\/a><\/h2>\t\t<\/div>\r\n\t<\/article>\r\n\t<article class=\"w-grid-item size_1x1 post-26615 prodotto type-prodotto status-publish has-post-thumbnail hentry category-conozco eta-2-anos eta-3-anos eta-4-anos eta-5-anos eta-6-anos maestro-glenn-doman-es esperto-nicola-tomba-es tipologia-juego-educativo\" data-id=\"26615\">\r\n\t\t<div class=\"w-grid-item-h\">\r\n\t\t\t\t\t\t<div class=\"w-post-elm post_image usg_post_image_1 stretched\"><a href=\"https:\/\/www.quid-plus.com\/es\/prodotto\/descubre-el-mundo\/\" aria-label=\"Descubre el mundo\"><img loading=\"lazy\" decoding=\"async\" width=\"232\" height=\"232\" src=\"https:\/\/www.quid-plus.com\/wp-content\/uploads\/2018\/10\/quid_mundo_es-d0abcee3-232x232.png\" class=\"attachment-us_232_232 size-us_232_232 wp-post-image\" alt=\"\" srcset=\"https:\/\/www.quid-plus.com\/wp-content\/uploads\/2018\/10\/quid_mundo_es-d0abcee3-232x232.png 232w, https:\/\/www.quid-plus.com\/wp-content\/uploads\/2018\/10\/quid_mundo_es-d0abcee3-300x300.png 300w, https:\/\/www.quid-plus.com\/wp-content\/uploads\/2018\/10\/quid_mundo_es-d0abcee3-150x150.png 150w, https:\/\/www.quid-plus.com\/wp-content\/uploads\/2018\/10\/quid_mundo_es-d0abcee3-70x70.png 70w, https:\/\/www.quid-plus.com\/wp-content\/uploads\/2018\/10\/quid_mundo_es-d0abcee3-400x400.png 400w, https:\/\/www.quid-plus.com\/wp-content\/uploads\/2018\/10\/quid_mundo_es-d0abcee3.png 800w\" sizes=\"(max-width: 232px) 100vw, 232px\" \/><\/a><\/div><div class=\"w-post-elm post_taxonomy usg_post_taxonomy_1 style_simple color_link_inherit\"><span class=\"term-320 term-juego-educativo\">Juego Educativo<\/span><\/div><h2 class=\"w-post-elm post_title usg_post_title_1 has_text_color align_left entry-title color_link_inherit\"><a href=\"https:\/\/www.quid-plus.com\/es\/prodotto\/descubre-el-mundo\/\">Descubre el mundo<\/a><\/h2>\t\t<\/div>\r\n\t<\/article>\r\n\t<article class=\"w-grid-item size_1x1 post-26577 prodotto type-prodotto status-publish has-post-thumbnail hentry category-yo-y-los-demas eta-2-anos eta-3-anos eta-4-anos eta-5-anos eta-6-anos maestro-reuven-feuerstein-es esperto-nicola-tomba-es tipologia-juego-educativo\" data-id=\"26577\">\r\n\t\t<div class=\"w-grid-item-h\">\r\n\t\t\t\t\t\t<div class=\"w-post-elm post_image usg_post_image_1 stretched\"><a href=\"https:\/\/www.quid-plus.com\/es\/prodotto\/adivina-las-emociones\/\" aria-label=\"Adivina las emociones\"><img loading=\"lazy\" decoding=\"async\" width=\"232\" height=\"232\" src=\"https:\/\/www.quid-plus.com\/wp-content\/uploads\/2018\/08\/quid_advina_es-2fe9e976-232x232.png\" class=\"attachment-us_232_232 size-us_232_232 wp-post-image\" alt=\"\" srcset=\"https:\/\/www.quid-plus.com\/wp-content\/uploads\/2018\/08\/quid_advina_es-2fe9e976-232x232.png 232w, https:\/\/www.quid-plus.com\/wp-content\/uploads\/2018\/08\/quid_advina_es-2fe9e976-300x300.png 300w, https:\/\/www.quid-plus.com\/wp-content\/uploads\/2018\/08\/quid_advina_es-2fe9e976-150x150.png 150w, https:\/\/www.quid-plus.com\/wp-content\/uploads\/2018\/08\/quid_advina_es-2fe9e976-70x70.png 70w, https:\/\/www.quid-plus.com\/wp-content\/uploads\/2018\/08\/quid_advina_es-2fe9e976-400x400.png 400w, https:\/\/www.quid-plus.com\/wp-content\/uploads\/2018\/08\/quid_advina_es-2fe9e976.png 800w\" sizes=\"(max-width: 232px) 100vw, 232px\" \/><\/a><\/div><div class=\"w-post-elm post_taxonomy usg_post_taxonomy_1 style_simple color_link_inherit\"><span class=\"term-320 term-juego-educativo\">Juego Educativo<\/span><\/div><h2 class=\"w-post-elm post_title usg_post_title_1 has_text_color align_left entry-title color_link_inherit\"><a href=\"https:\/\/www.quid-plus.com\/es\/prodotto\/adivina-las-emociones\/\">Adivina las emociones<\/a><\/h2>\t\t<\/div>\r\n\t<\/article>\r\n\t<article class=\"w-grid-item size_1x1 post-26603 prodotto type-prodotto status-publish has-post-thumbnail hentry category-hablo eta-2-anos eta-3-anos eta-4-anos eta-5-anos eta-6-anos maestro-gianni-rodari-es esperto-nicola-tomba-es tipologia-juego-educativo\" data-id=\"26603\">\r\n\t\t<div class=\"w-grid-item-h\">\r\n\t\t\t\t\t\t<div class=\"w-post-elm post_image usg_post_image_1 stretched\"><a href=\"https:\/\/www.quid-plus.com\/es\/prodotto\/inventa-tus-cuentos\/\" aria-label=\"Inventa tus cuentos\"><img loading=\"lazy\" decoding=\"async\" width=\"232\" height=\"232\" src=\"https:\/\/www.quid-plus.com\/wp-content\/uploads\/2018\/08\/quid_inventa_tus_es-aeb91e36-232x232.png\" class=\"attachment-us_232_232 size-us_232_232 wp-post-image\" alt=\"\" srcset=\"https:\/\/www.quid-plus.com\/wp-content\/uploads\/2018\/08\/quid_inventa_tus_es-aeb91e36-232x232.png 232w, https:\/\/www.quid-plus.com\/wp-content\/uploads\/2018\/08\/quid_inventa_tus_es-aeb91e36-300x300.png 300w, https:\/\/www.quid-plus.com\/wp-content\/uploads\/2018\/08\/quid_inventa_tus_es-aeb91e36-150x150.png 150w, https:\/\/www.quid-plus.com\/wp-content\/uploads\/2018\/08\/quid_inventa_tus_es-aeb91e36-70x70.png 70w, https:\/\/www.quid-plus.com\/wp-content\/uploads\/2018\/08\/quid_inventa_tus_es-aeb91e36-400x400.png 400w, https:\/\/www.quid-plus.com\/wp-content\/uploads\/2018\/08\/quid_inventa_tus_es-aeb91e36.png 800w\" sizes=\"(max-width: 232px) 100vw, 232px\" \/><\/a><\/div><div class=\"w-post-elm post_taxonomy usg_post_taxonomy_1 style_simple color_link_inherit\"><span class=\"term-320 term-juego-educativo\">Juego Educativo<\/span><\/div><h2 class=\"w-post-elm post_title usg_post_title_1 has_text_color align_left entry-title color_link_inherit\"><a href=\"https:\/\/www.quid-plus.com\/es\/prodotto\/inventa-tus-cuentos\/\">Inventa tus cuentos<\/a><\/h2>\t\t<\/div>\r\n\t<\/article>\r\n<\/div><div class=\"w-grid-preloader\">\t<div class=\"g-preloader type_1\">\r\n\t\t<div><\/div>\r\n\t<\/div>\r\n\t<\/div>\t<div class=\"w-grid-json hidden\" onclick='return {&quot;action&quot;:&quot;us_ajax_grid&quot;,&quot;ajax_url&quot;:&quot;https:\\\/\\\/www.quid-plus.com\\\/wp-admin\\\/admin-ajax.php&quot;,&quot;infinite_scroll&quot;:0,&quot;max_num_pages&quot;:1,&quot;pagination&quot;:&quot;regular&quot;,&quot;template_vars&quot;:{&quot;columns&quot;:&quot;3&quot;,&quot;exclude_items&quot;:&quot;none&quot;,&quot;img_size&quot;:&quot;default&quot;,&quot;ignore_items_size&quot;:0,&quot;items_layout&quot;:&quot;245&quot;,&quot;items_offset&quot;:&quot;1&quot;,&quot;load_animation&quot;:&quot;none&quot;,&quot;overriding_link&quot;:&quot;{\\&quot;url\\&quot;:\\&quot;\\&quot;}&quot;,&quot;post_id&quot;:0,&quot;query_args&quot;:{&quot;post_type&quot;:[&quot;prodotto&quot;],&quot;post_status&quot;:[&quot;publish&quot;,&quot;acf-disabled&quot;],&quot;posts_per_page&quot;:999},&quot;orderby_query_args&quot;:{&quot;orderby&quot;:{&quot;date&quot;:&quot;DESC&quot;}},&quot;type&quot;:&quot;grid&quot;,&quot;us_grid_ajax_index&quot;:1,&quot;us_grid_filter_params&quot;:[],&quot;us_grid_index&quot;:1,&quot;_us_grid_post_type&quot;:&quot;prodotto&quot;,&quot;page_args&quot;:[],&quot;lang&quot;:&quot;es&quot;}}'><\/div>\r\n\t<\/div><div class=\"w-separator size_medium\"><\/div><\/div><\/div><\/div><\/div><\/section>\n","protected":false},"excerpt":{"rendered":"","protected":false},"author":1,"featured_media":0,"parent":0,"menu_order":30,"comment_status":"closed","ping_status":"closed","template":"","meta":{"_acf_changed":false,"footnotes":""},"categories":[],"tags":[],"eta":[],"maestro":[],"esperto":[],"acf":[],"yoast_head":"<!-- This site is optimized with the Yoast SEO plugin v22.0 - https:\/\/yoast.com\/wordpress\/plugins\/seo\/ -->\n<title>Productos - QUID+<\/title>\n<meta name=\"robots\" content=\"index, follow, max-snippet:-1, max-image-preview:large, max-video-preview:-1\" \/>\n<link rel=\"canonical\" href=\"https:\/\/www.quid-plus.com\/es\/productos\/\" \/>\n<meta property=\"og:locale\" content=\"es_ES\" \/>\n<meta property=\"og:type\" content=\"article\" \/>\n<meta property=\"og:title\" content=\"Productos - QUID+\" \/>\n<meta property=\"og:url\" content=\"https:\/\/www.quid-plus.com\/es\/productos\/\" \/>\n<meta property=\"og:site_name\" content=\"QUID+\" \/>\n<meta name=\"twitter:card\" content=\"summary_large_image\" \/>\n<meta name=\"twitter:label1\" content=\"Tiempo de lectura\" \/>\n\t<meta name=\"twitter:data1\" content=\"1 minuto\" \/>\n<script type=\"application\/ld+json\" class=\"yoast-schema-graph\">{\"@context\":\"https:\/\/schema.org\",\"@graph\":[{\"@type\":\"WebPage\",\"@id\":\"https:\/\/www.quid-plus.com\/es\/productos\/\",\"url\":\"https:\/\/www.quid-plus.com\/es\/productos\/\",\"name\":\"Productos - QUID+\",\"isPartOf\":{\"@id\":\"https:\/\/www.quid-plus.com\/#website\"},\"datePublished\":\"2022-01-10T09:34:46+00:00\",\"dateModified\":\"2022-01-10T09:34:46+00:00\",\"breadcrumb\":{\"@id\":\"https:\/\/www.quid-plus.com\/es\/productos\/#breadcrumb\"},\"inLanguage\":\"es\",\"potentialAction\":[{\"@type\":\"ReadAction\",\"target\":[\"https:\/\/www.quid-plus.com\/es\/productos\/\"]}]},{\"@type\":\"BreadcrumbList\",\"@id\":\"https:\/\/www.quid-plus.com\/es\/productos\/#breadcrumb\",\"itemListElement\":[{\"@type\":\"ListItem\",\"position\":1,\"name\":\"Home\",\"item\":\"https:\/\/www.quid-plus.com\/es\/\"},{\"@type\":\"ListItem\",\"position\":2,\"name\":\"Productos\"}]},{\"@type\":\"WebSite\",\"@id\":\"https:\/\/www.quid-plus.com\/#website\",\"url\":\"https:\/\/www.quid-plus.com\/\",\"name\":\"QUID+\",\"description\":\"Giochi educativi e Prodotti editoriali per l&#039;infanzia\",\"potentialAction\":[{\"@type\":\"SearchAction\",\"target\":{\"@type\":\"EntryPoint\",\"urlTemplate\":\"https:\/\/www.quid-plus.com\/?s={search_term_string}\"},\"query-input\":\"required name=search_term_string\"}],\"inLanguage\":\"es\"}]}<\/script>\n<!-- \/ Yoast SEO plugin. -->","yoast_head_json":{"title":"Productos - QUID+","robots":{"index":"index","follow":"follow","max-snippet":"max-snippet:-1","max-image-preview":"max-image-preview:large","max-video-preview":"max-video-preview:-1"},"canonical":"https:\/\/www.quid-plus.com\/es\/productos\/","og_locale":"es_ES","og_type":"article","og_title":"Productos - QUID+","og_url":"https:\/\/www.quid-plus.com\/es\/productos\/","og_site_name":"QUID+","twitter_card":"summary_large_image","twitter_misc":{"Tiempo de lectura":"1 minuto"},"schema":{"@context":"https:\/\/schema.org","@graph":[{"@type":"WebPage","@id":"https:\/\/www.quid-plus.com\/es\/productos\/","url":"https:\/\/www.quid-plus.com\/es\/productos\/","name":"Productos - QUID+","isPartOf":{"@id":"https:\/\/www.quid-plus.com\/#website"},"datePublished":"2022-01-10T09:34:46+00:00","dateModified":"2022-01-10T09:34:46+00:00","breadcrumb":{"@id":"https:\/\/www.quid-plus.com\/es\/productos\/#breadcrumb"},"inLanguage":"es","potentialAction":[{"@type":"ReadAction","target":["https:\/\/www.quid-plus.com\/es\/productos\/"]}]},{"@type":"BreadcrumbList","@id":"https:\/\/www.quid-plus.com\/es\/productos\/#breadcrumb","itemListElement":[{"@type":"ListItem","position":1,"name":"Home","item":"https:\/\/www.quid-plus.com\/es\/"},{"@type":"ListItem","position":2,"name":"Productos"}]},{"@type":"WebSite","@id":"https:\/\/www.quid-plus.com\/#website","url":"https:\/\/www.quid-plus.com\/","name":"QUID+","description":"Giochi educativi e Prodotti editoriali per l&#039;infanzia","potentialAction":[{"@type":"SearchAction","target":{"@type":"EntryPoint","urlTemplate":"https:\/\/www.quid-plus.com\/?s={search_term_string}"},"query-input":"required name=search_term_string"}],"inLanguage":"es"}]}},"_links":{"self":[{"href":"https:\/\/www.quid-plus.com\/es\/wp-json\/wp\/v2\/pages\/26519"}],"collection":[{"href":"https:\/\/www.quid-plus.com\/es\/wp-json\/wp\/v2\/pages"}],"about":[{"href":"https:\/\/www.quid-plus.com\/es\/wp-json\/wp\/v2\/types\/page"}],"author":[{"embeddable":true,"href":"https:\/\/www.quid-plus.com\/es\/wp-json\/wp\/v2\/users\/1"}],"replies":[{"embeddable":true,"href":"https:\/\/www.quid-plus.com\/es\/wp-json\/wp\/v2\/comments?post=26519"}],"version-history":[{"count":0,"href":"https:\/\/www.quid-plus.com\/es\/wp-json\/wp\/v2\/pages\/26519\/revisions"}],"wp:attachment":[{"href":"https:\/\/www.quid-plus.com\/es\/wp-json\/wp\/v2\/media?parent=26519"}],"wp:term":[{"taxonomy":"category","embeddable":true,"href":"https:\/\/www.quid-plus.com\/es\/wp-json\/wp\/v2\/categories?post=26519"},{"taxonomy":"post_tag","embeddable":true,"href":"https:\/\/www.quid-plus.com\/es\/wp-json\/wp\/v2\/tags?post=26519"},{"taxonomy":"eta","embeddable":true,"href":"https:\/\/www.quid-plus.com\/es\/wp-json\/wp\/v2\/eta?post=26519"},{"taxonomy":"maestro","embeddable":true,"href":"https:\/\/www.quid-plus.com\/es\/wp-json\/wp\/v2\/maestro?post=26519"},{"taxonomy":"esperto","embeddable":true,"href":"https:\/\/www.quid-plus.com\/es\/wp-json\/wp\/v2\/esperto?post=26519"}],"curies":[{"name":"wp","href":"https:\/\/api.w.org\/{rel}","templated":true}]}}